{"id":1227,"date":"2020-12-25T00:55:09","date_gmt":"2020-12-24T22:55:09","guid":{"rendered":"https:\/\/www.americanstudies.ro\/?page_id=1227"},"modified":"2020-12-25T00:56:14","modified_gmt":"2020-12-24T22:56:14","slug":"womens-narratives-of-transnational-relocation","status":"publish","type":"page","link":"https:\/\/www.americanstudies.ro\/ro\/womens-narratives-of-transnational-relocation\/","title":{"rendered":"Women&#8217;s Narratives of Transnational Relocation"},"content":{"rendered":"\n<p><strong>Titlu proiect \/ Project Title<\/strong>: <em>Naratiuni ale femeilor in situatii de relocare transnationala<\/em> \/ <em>Women&#8217;s Narratives of Transnational Relocation<\/em><\/p>\n\n\n\n<p><strong>Sursa de finantare \/ Financing<\/strong>: UEFISCDI, prin programul national de cercetare, PN-II-RU-TE, competitia Tinere Echipe din anul 2011 \/ National Council for Scientific Research \u2013 PN-II-RU-TE Programme, 2011 annual competition.<\/p>\n\n\n\n<p><strong>Durata proiectului \/ Project Duration<\/strong>: 2 ani (octombrie 2011 \u2013 septembrie 2013) \/ 2 years (October&nbsp; 2011 \u2013 September 2013).<\/p>\n\n\n\n<p><strong>Membrii proiectului \/ Project Members<\/strong>:<\/p>\n\n\n\n<p>Conf. dr. Maria-Sabina Draga Alexandru &#8211; director<\/p>\n\n\n\n<p>Prof. dr. Madalina Nicolaescu<\/p>\n\n\n\n<p>Lect. dr. Mihaela Precup<\/p>\n\n\n\n<p>Lect. dr. Dana Mihailescu<\/p>\n\n\n\n<p>Drd. Diana Benea<\/p>\n\n\n\n<p><strong>Rezumat &#8211; obiective si activitati \/ Project summary &#8211; objectives and activities:<\/strong><\/p>\n\n\n\n<p>The field of our research project is cross-disciplinary and is constituted at the intersection of globalization studies (focusing on the cutting edge of transnational migration), gender studies, studies in the new media and literary studies. The starting point is a publication edited by two members of this team (<em>Women\u2019s Voices in Post-Communist Eastern Europe<\/em>, eds. Maria-Sabina Draga Alexandru, Madalina Nicolaescu and Helen Smith, Vol. I, <em>Rewriting Histories<\/em>, 2005 and Vol. II, <em>Bodies and Representations<\/em>, 2006), which at the time filled a gap Eastern European countries had in the knowledge about each other\u2019s literatures written by women recovering from communist trauma and rewriting its histories. The two volumes became internationally visible very quickly, entering the collections of prestigious university libraries abroad and being reviewed in the ISI journal <em>Comparative Literature Studies<\/em> (45.2, 2008, pp. 261-263). The present project aims to continue along those lines and study narratives by and about women engaged in temporary and permanent transnational relocation after the fall of communism, under the impact of globalization and identity-reconfiguration phenomena such as EU-enlargement.<\/p>\n\n\n\n<p>We will explore a new paradigm of transnational migration that displaces previous theorization based on linear, margin-to-centre movement and insists on multiple connectivities and translocal allegiances. This implies both integration in the host society and the temporary and\/or partial movement back home, currently facilitated by progress in means of transport and of communication. As the conditions of migrant life are changing, the strategies of overcoming the trauma of translocation are also unexpected: the attempt to fully recreate one\u2019s culture into a new space to the point of resisting new cultural norms, while transnational connections enabled by new technologies of communication stress the disolution of family ties instead of reinforcing them. In this context, gender has increasingly been identified as a key category to transnational migration, to the constitution of transnational subjectivities, identities and communities and to pressing issues such as transnational families and mothering. Whereas most of the current studies engage with issues confronting Asian or Latin American migrant women, the recent massive flow of East European women to Western European countries and\/or the USA has been largely understudied.<\/p>\n\n\n\n<p>Our project aims to cover this insufficiently visible space through a contrastive analysis between narratives which have taken the form of acknowledged, published books and informal (discursive or non-discursive) narratives disseminated by the new media and in digital form.<\/p>\n\n\n\n<p><strong>Publica\u0163ii \u00een cadrul proiectului \/ Publications<\/strong><\/p>\n\n\n\n<p><strong>2013<br><\/strong><\/p>\n\n\n\n<p><strong>Draga Alexandru, Maria-Sabina and Madalina Nicolaescu, eds.<\/strong> <a href=\"http:\/\/americanstudies.ro\/libs\/docs\/contract-03713.pdf\"><em>Between History and Personal Narrative: East-European Women\u2019s Stories of Migration in the New Millennium. <\/em>Berlin: LIT Verlag (Contributions to Transnational Feminisms series), 2013.<\/a> 304 pages. ISBN 978-3-643-90448-9 &nbsp;&nbsp; [<a href=\"http:\/\/americanstudies.ro\/libs\/docs\/contents-62060.pdf\">Table of contents<\/a>] [<a href=\"http:\/\/americanstudies.ro\/libs\/docs\/publication-note-98269.pdf\">Publication date note<\/a>] <a href=\"http:\/\/www.lit-verlag.de\/isbn\/3-643-90448-9\">Link to publisher&#8217;s site<\/a><\/p>\n\n\n\n<p><strong>Dana Mihailescu.<\/strong> &#8220;<a href=\"https:\/\/www.academia.edu\/5422777\/_Being_Off-Track_Returns_to_Post-Communist_Spaces_and_Transits_around_the_U.S._as_Fertile_Acts_of_Dislocation_in_Svetlana_Boyms_Works_\">Being Off-Track: Returns to Post-Communist Spaces and Transits around the U.S. as Fertile Acts of Dislocation in Svetlana Boym&#8217;s Works<\/a>.&#8221; <em>Between History and Personal Narrative: East-European Women\u2019s Stories of Migration in the New Millennium<\/em>. Eds. Maria-Sabina Draga Alexandru, M\u0103d\u0103lina Nicolaescu, Helen Smith. Graz: Lit Verlag (Contributions to Transnational Feminism Series), 2013. 211-227.<br><\/p>\n\n\n\n<p><strong>Madalina Nicolaescu. <\/strong>\u201cRomanian Women\u2019s Success Stories as Transnational Migrants.\u201d <em>Between History and Personal Narrative: East-European Women\u2019s Stories of Migration in the New Millennium<\/em>. Eds. Maria-Sabina Draga Alexandru, M\u0103d\u0103lina Nicolaescu, Helen Smith. Graz: Lit Verlag (Contributions to Transnational Feminism Series), 2013.<br><\/p>\n\n\n\n<p><strong>Mihaela Precup. <\/strong>\u201cFelines and Females on the Fringe: Femininity and Dislocation in Nina Bunjevac\u2019s <em>Heartless<\/em>.\u201d<em>Between History and Personal Narrative: East-European Women\u2019s Stories of Migration in the New Millennium<\/em>. Eds. Maria-Sabina Draga Alexandru, M\u0103d\u0103lina Nicolaescu, Helen Smith. Graz: Lit Verlag (Contributions to Transnational Feminism Series), 2013.<\/p>\n\n\n\n<p><strong>Dana Mihailescu.<\/strong> \u201c<a href=\"https:\/\/www.academia.edu\/5287064\/_Childrens_Erratic_Memories_of_the_Holocaust_On_Cross-Cutting_Exchanges_in_Exhibitions_and_Visual_Projects_about_Child_Survivors_and_Children_of_Survivors_\">Children\u2019s Erratic Memories of the Holocaust: On Cross-Cutting Exchanges in Exhibitions and Visual Projects about Child Survivors and Children of Survivors<\/a>.\u201d <em>Martor. The Museum of the Romanian Peasant Anthropology Review<\/em> (Special Issue on Children, November 2013): 93-108. &lt;<a href=\"http:\/\/www.ceeol.com\/aspx\/publicationdetails.aspx?publicationid=ead63137-e2d3-4efe-bc3f-9bdf32e742f4\">http:\/\/www.ceeol.com\/aspx\/publicationdetails.aspx?publicationid=ead63137-e2d3-4efe-bc3f-9bdf32e742f4<\/a>&gt;. &nbsp;ISSN: 1224-6271.<\/p>\n\n\n\n<p><strong>Mihaela Precup. <\/strong>\u201cChildren, Heroes, and Foes in a Communist Family Album.\u201d <em>Martor. The Museum of the Romanian Peasant Anthropology Review<\/em> (Special Issue on Children, November 2013): 19-33. &lt;<a href=\"http:\/\/www.ceeol.com\/aspx\/publicationdetails.aspx?publicationid=ead63137-e2d3-4efe-bc3f-9bdf32e742f4\">http:\/\/www.ceeol.com\/aspx\/publicationdetails.aspx?publicationid=ead63137-e2d3-4efe-bc3f-9bdf32e742f4<\/a>&gt;. &nbsp;ISSN: 1224-6271.<\/p>\n\n\n\n<p><strong>Dana Mihailescu.<\/strong> \u201cPhotography and Prose Pictures in <em>Beloved<\/em>: The Frames of Emotional Memory.\u201d <em>Toni Morrison &#8211; Au-del\u00e0 du visible ordinaire \/ Toni Morrison &#8211; Beyond the Ordinary Visible<\/em>. Eds. Maryemma Graham, Janis Mayes and Andr\u00e9e-Anne Kekeh. Paris: Presses Universitaires de Vincennes, forthcoming 2014.<\/p>\n\n\n\n<p>Draga Alexandru, Maria-Sabina. &#8220;From Travelling Memoir to Nomadic Narrative in Kapka Kassabova\u2019s <em>Street without a Name <\/em>and <em>Twelve Minutes of Love: A Tango Story.<\/em>&#8221; In <em>Women&#8217;s Transnational Literatures in Europe<\/em>, eds. Jasmina Lukic and Borbala Farago, Budapest: CEU Press (forthcoming 2014).<\/p>\n\n\n\n<p>Nicolaescu, Madalina. &#8220;De-centering Narratives of Success.&#8221; In <em>Women&#8217;s Transnational Literatures in Europe<\/em>, eds. Jasmina Lukic and Borbala Farago, Budapest: CEU Press (forthcoming 2014).<\/p>\n\n\n\n<p><strong>2012<\/strong><\/p>\n\n\n\n<p><strong>Draga Alexandru, Maria-Sabina.<\/strong> \u201cNomadic Textualities: Time, Space and Narrative in M.G. Vassanji\u2019s <em>The Assassin\u2019s Song<\/em> and Vikram Chandra\u2019s <em>Red Earth and Pouring Rain.<\/em>\u201d <em>India in Canada, Canada in India<\/em>, ed. Antonia Navarro si Taniya Gupta, Cambridge: Cambridge Scholars Publishing, 2013. 48-55. ISBN: 978-1-4438-4826-8<\/p>\n\n\n\n<p><strong>Draga Alexandru, Maria-Sabina.<\/strong> \u201c<a href=\"http:\/\/www.academia.edu\/3361503\/Urban_and_Rural_Narratives_of_Female_Relocation_in_Chitra_Banerjee_Divakarunis_Novels_Queen_of_Dreams_and_The_Mistress_of_Spices_\">Urban and Rural Narratives of Female Relocation in Chitra Banerjee Divakaruni\u2019s Novels <em>Queen of Dreams <\/em>and <\/a><em><a href=\"http:\/\/www.academia.edu\/3361503\/Urban_and_Rural_Narratives_of_Female_Relocation_in_Chitra_Banerjee_Divakarunis_Novels_Queen_of_Dreams_and_The_Mistress_of_Spices_\">The Mistress of Spices<\/a>.<\/em>\u201d <em>American, British and Canadian Studies<\/em>, no. 19 (Dec. 2012). <strong>ISSN 1841-1487 (Print) si ISSN 1841-964X (Online)<\/strong><\/p>\n\n\n\n<p><strong>Mih\u0103ilescu, Dana.<\/strong> \u201c<a href=\"http:\/\/www.academia.edu\/2083689\/The_Legacy_of_Communism_through_a_Childs_Lens_The_Thrusts_of_Emotional_Knowledge_out_of_Marzis_Poland\">The Legacy of Communism through a Child\u2019s Lens: The Thrusts of Emotional Knowledge out of <em>Marzi\u2019s <\/em>Poland<\/a>.\u201d <em>Literary and Visual Dimensions of Contemporary Graphic Narratives<\/em>. Eds. M\u00e1ria Ki\u0161\u0161ov\u00e1 and Simona Heve\u0161iov\u00e1. Nitra: Constantine the Philosopher University Press, 2012. 45-75. ISBN: 978-80-558-0099-8.<\/p>\n\n\n\n<p><strong>Conferin\u0163e organizate \u00een cadrul proiectului \/ <\/strong><strong>Conferences organized within our project&nbsp;<\/strong><\/p>\n\n\n\n<p><strong>Between History and<\/strong> <strong>Personal Narrative:<\/strong> <strong>East-European<\/strong> <strong>Women\u2019s Stories of Migration in the New Millennium<\/strong><\/p>\n\n\n\n<p>21-22 September, 2012<\/p>\n\n\n\n<p>University of Bucharest<\/p>\n\n\n\n<p>American Studies Center<\/p>\n\n\n\n<p>Str Pitar Mos 7-13, Room 4<\/p>\n\n\n\n<p>This conference is organized as part of the project <em>Women\u2019s Narratives of Transnational Relocation <\/em>(PN-II-RU-TE-2011-3-0159).<\/p>\n\n\n\n<p><strong>Conference Program<\/strong><\/p>\n\n\n\n<p><strong>Friday, September 21, 2012&nbsp;&nbsp;&nbsp;&nbsp;&nbsp;&nbsp;&nbsp;&nbsp;&nbsp;&nbsp;&nbsp;&nbsp;&nbsp;&nbsp;&nbsp;&nbsp;&nbsp;&nbsp;&nbsp;&nbsp;&nbsp;&nbsp;&nbsp;&nbsp;&nbsp;&nbsp;&nbsp;&nbsp;&nbsp;&nbsp;&nbsp;&nbsp;&nbsp;&nbsp;&nbsp;&nbsp;&nbsp;&nbsp;&nbsp;&nbsp;&nbsp;&nbsp;&nbsp;&nbsp;&nbsp;&nbsp;&nbsp;&nbsp;&nbsp;&nbsp;&nbsp;&nbsp;&nbsp;&nbsp;&nbsp;&nbsp;&nbsp;&nbsp;&nbsp;&nbsp;&nbsp;&nbsp;&nbsp;&nbsp;&nbsp;&nbsp;&nbsp;&nbsp;&nbsp;&nbsp;&nbsp;&nbsp;&nbsp;&nbsp;&nbsp;&nbsp;&nbsp;&nbsp;&nbsp;&nbsp;&nbsp;&nbsp;&nbsp;&nbsp;&nbsp;&nbsp;&nbsp;&nbsp;&nbsp;&nbsp;&nbsp;&nbsp;&nbsp;&nbsp;&nbsp;&nbsp;&nbsp;&nbsp;&nbsp;&nbsp;&nbsp;&nbsp;&nbsp;<\/strong><\/p>\n\n\n\n<p><strong>9:30-10:00 Registration and Coffee<\/strong><\/p>\n\n\n\n<p><strong>10:00-10:15 Welcome and Short Description of the Project<\/strong><\/p>\n\n\n\n<p><strong>10:15-11:30 Keynote Lecture 1:<\/strong><\/p>\n\n\n\n<p><strong>Jasmina Luki<\/strong><strong>c (<\/strong>Central European University, Budapest), \u201cMigrant Women\u2019s Literature in Transnational Perspective\u201d<\/p>\n\n\n\n<p><strong>11:30-13:30 Session 1: Migration, Gender Roles and Stories of Success and Failure<\/strong><\/p>\n\n\n\n<p><strong>Chair: Jasmina Luki<\/strong><strong>c<\/strong><\/p>\n\n\n\n<p>Simona Fojtov\u00e1 (Transylvania University in Lexington), \u201cEast-European Women\u2019s Stories of Agency in Sex Work Migration\u201d<\/p>\n\n\n\n<p>M\u0103d\u0103lina Nicolaescu (University of Bucharest), \u201cRomanian Women\u2019s Success Stories of Migration\u201d<\/p>\n\n\n\n<p>Francesca Alice Vianello (University of Padua), \u201cRomanian, Moldovan and Ukrainian Transnational Families through Women\u2019s Eyes\u201d<\/p>\n\n\n\n<p>Bernadetta Siara (City University London), \u201cBetween \u2018Escape\u2019 and New Opportunities: Migration Narratives of Polish Women in the UK\u201d<\/p>\n\n\n\n<p><strong>13:30-14:30 Lunch<\/strong><\/p>\n\n\n\n<p><strong>14:30-16:30 Session 2: Transnationalism and Diversity in Women\u2019s Migration<\/strong><\/p>\n\n\n\n<p><strong>Chair: M\u0103d\u0103lina Nicolaescu<\/strong><\/p>\n\n\n\n<p>Milica Anti\u0107 Gaber (University of Ljubljana), \u201cOn Their way to the \u2018Room of Their Own\u2019: Women Making and Shaping Their Own Destiny\u201d<\/p>\n\n\n\n<p>Cristina Bezzi (<em>Osservatorio Balcani e Caucaso<\/em>, Rovereto), \u201cNot Only \u2018Caregivers\u2019\u201d<\/p>\n\n\n\n<p>Elena Stoican (University of Bucharest), \u201cLinear Transnationalism in Vesna Goldsworthy and Jhumpa Lahiri\u2019s Fiction\u201d<\/p>\n\n\n\n<p>Aija Lulle (University of Latvia), \u201cMigrants, Beauties and Eastern Countrywomen: Gendered Constructions of Latvians in Guernsey\u201d<\/p>\n\n\n\n<p><strong>16:30-17:00 Coffee Break<\/strong><\/p>\n\n\n\n<p><strong>17:00-19:00 Session 3: Between Fiction and Memoir in Women\u2019s Relocation Narratives<\/strong><\/p>\n\n\n\n<p><strong>Chair: Dana Mih\u0103ilescu<\/strong><\/p>\n\n\n\n<p>Priscilla Morris (University of East Anglia), \u201c<em>The Painter of Bridges: A Sarajevo Story<\/em>.&nbsp; Transnational Family History and Women\u2019s Migration Narratives in a Siege-Exile Novel\u201d<\/p>\n\n\n\n<p>Dina Copelman (George Mason University), \u201cFamily Fragments, Fragmented Families: The Intersections of Subjectivities and Histories\u201d<\/p>\n\n\n\n<p>Polina Shvanyukova (University of Bergamo), \u201cFrom Albania via Switzerland to the United States: Elvira Dones\u2019s Journey through Personal Memory and Collective History\u201d<\/p>\n\n\n\n<p>Borbala Farago (Central European University), \u201cMigrant Poet(h)ics\u201d<\/p>\n\n\n\n<p><strong>Saturday, September 22, 2012<\/strong><\/p>\n\n\n\n<p><strong>10:00-10:15 Registration and Coffee<\/strong><\/p>\n\n\n\n<p><strong>10:15-11:30 <\/strong><strong>Keynote Lecture 2:<\/strong><\/p>\n\n\n\n<p><strong>Silvia Schultermandl (<\/strong>University of Graz), \u201cTransnational Sensibility in Feminist Theory and Practice\u201d<\/p>\n\n\n\n<p><strong>11:30-13:30 Session 4: Creative Dislocations in Women\u2019s Migration Narratives<\/strong><\/p>\n\n\n\n<p><strong>Chair: <\/strong><strong>Silvia Schultermandl<\/strong><\/p>\n\n\n\n<p>Cristina Chevere\u015fan (The West University of Timi\u015foara), \u201c\u2018We Are All Foreign Here\u2019: Stories of Re\/Dis-Location in Ioana Baetica Morpurgo\u2019s <em>Imigran\u0163<\/em><em>ii<\/em>\u201d<\/p>\n\n\n\n<p>Dana Mih\u0103ilescu (University of Bucharest), \u201cBeing Off-Track: Returns to Postcommunist Eastern Europe and Transits around the U.S. as Fertile Acts of Dislocation in Svetlana Boym\u2019s Works\u201d<\/p>\n\n\n\n<p>Mihaela Precup (University of Bucharest), \u201cFelines and Females on the Fringe: Femininity and Dislocation in Nina Bunjevac\u2019s <em>Heartless<\/em>\u201d<\/p>\n\n\n\n<p>V\u011bra Eli\u00e1\u0161ov\u00e1 (Masaryk University, Brno), \u201cPages Torn Off: Narratives of Urban Mobility by Contemporary East and Central European Women Writers\u201d<\/p>\n\n\n\n<p><strong>13:30-14:30 Lunch<\/strong><\/p>\n\n\n\n<p><strong>14:30-16:30 Session 5: Conflict, War Stories <\/strong><strong>and Transnational Mobility in Women\u2019s Migration<\/strong><\/p>\n\n\n\n<p><strong>Chair: Maria-Sabina Draga Alexandru<\/strong><\/p>\n\n\n\n<p>Andra-Dina Pan\u0103 (independent researcher), \u201cMediated Transnationalism. Cases of Women\u2019s Involvement in Transnationalism\u201d<\/p>\n\n\n\n<p>Zorica Mrsevic (Institute of Social Science, Belgrade), \u201cWar Experiences of Women\/ Oral Histories\u201d<\/p>\n\n\n\n<p>Aleksandra Batuchina Ro\ufffdnova (Klaipeda University), \u201cThe Link between the Social State of the Sending Society and Women\u2019s Migration in Lithuania\u201d<\/p>\n\n\n\n<p>Alissa Tolstokorova (International School of Equal Opportunities, Kyiv), \u201cOne Way Ticket? International Labour Mobility of Ukrainian Women\u201d<\/p>\n\n\n\n<p><strong>16:00-16:30 Coffee Break<\/strong><\/p>\n\n\n\n<p><strong>17:00-19:00 Session 6: Relocation as Reinvention of the Self<\/strong><\/p>\n\n\n\n<p><strong>Chair:<\/strong><strong> Mihaela Precup<\/strong><\/p>\n\n\n\n<p>Diana Benea (University of Bucharest), \u201c\u2018People move there so light and shameless that they almost touch the sky\u2019: Walking in the City in Herta M\u00fcller\u2019s <em>Traveling on One Leg<\/em>\u201d<\/p>\n\n\n\n<p>Monica Manolachi (University of Bucharest),\u201cCultural Tractors and Gender Roles in Marina Lewycka\u2019s Debut Novel\u201d<\/p>\n\n\n\n<p>Catalina Botez (University of Constance), \u201cTransformative East-West Journeys: Mapping the Transnational in Domnica Radulescu\u2019s <em>Train to Trieste<\/em>\u201d<\/p>\n\n\n\n<p>Maria-Sabina Draga Alexandru (University of Bucharest), \u201cNomadic Identity Narratives and Female Bonding in Domnica Radulescu\u2019s <em>Black Sea Twilight<\/em>\u201d<\/p>\n\n\n\n<p><strong>19:15 &nbsp;Conference Dinner (Lente &amp; Cafea, Str. Gen. Praporgescu no 31, Bucharest)<\/strong><\/p>\n\n\n\n<p><strong>Sesiune MLA Chicago 2014 \/ 2014 MLA Chicago Session &#8212; organizator \/ organizer Maria-Sabina Draga Alexandru:<\/strong><\/p>\n\n\n\n<p><a href=\"http:\/\/americanstudies.ro\/libs\/docs\/approval-letter-62557.pdf\"><strong>Approval Letter<\/strong><\/a><br><a href=\"http:\/\/americanstudies.ro\/libs\/docs\/mla-session-description-62253.pdf\"><strong>MLA Session Description<\/strong><\/a><\/p>\n","protected":false},"excerpt":{"rendered":"<p>Titlu proiect \/ Project Title: Naratiuni ale femeilor in situatii de relocare transnationala \/ Women&#8217;s Narratives of Transnational Relocation Sursa de finantare \/ Financing: UEFISCDI, prin programul national de cercetare, PN-II-RU-TE, competitia Tinere Echipe din anul 2011 \/ National Council for Scientific Research \u2013 PN-II-RU-TE Programme, 2011 annual competition. Durata proiectului \/ Project Duration: 2 &hellip; <\/p>\n<p class=\"link-more\"><a href=\"https:\/\/www.americanstudies.ro\/ro\/womens-narratives-of-transnational-relocation\/\" class=\"more-link\">Continu\u0103 lectura<span class=\"screen-reader-text\"> \u201eWomen&#8217;s Narratives of Transnational Relocation\u201d<\/span><\/a><\/p>","protected":false},"author":2,"featured_media":0,"parent":0,"menu_order":0,"comment_status":"closed","ping_status":"closed","template":"","meta":{"footnotes":""},"_links":{"self":[{"href":"https:\/\/www.americanstudies.ro\/ro\/wp-json\/wp\/v2\/pages\/1227"}],"collection":[{"href":"https:\/\/www.americanstudies.ro\/ro\/wp-json\/wp\/v2\/pages"}],"about":[{"href":"https:\/\/www.americanstudies.ro\/ro\/wp-json\/wp\/v2\/types\/page"}],"author":[{"embeddable":true,"href":"https:\/\/www.americanstudies.ro\/ro\/wp-json\/wp\/v2\/users\/2"}],"replies":[{"embeddable":true,"href":"https:\/\/www.americanstudies.ro\/ro\/wp-json\/wp\/v2\/comments?post=1227"}],"version-history":[{"count":0,"href":"https:\/\/www.americanstudies.ro\/ro\/wp-json\/wp\/v2\/pages\/1227\/revisions"}],"wp:attachment":[{"href":"https:\/\/www.americanstudies.ro\/ro\/wp-json\/wp\/v2\/media?parent=1227"}],"curies":[{"name":"wp","href":"https:\/\/api.w.org\/{rel}","templated":true}]}}