{"id":1166,"date":"2020-09-03T16:21:34","date_gmt":"2020-09-03T13:21:34","guid":{"rendered":"https:\/\/www.americanstudies.ro\/?page_id=1166"},"modified":"2020-09-03T17:39:15","modified_gmt":"2020-09-03T14:39:15","slug":"ba-defense-schedule-september-4-2020","status":"publish","type":"page","link":"https:\/\/www.americanstudies.ro\/ro\/ba-defense-schedule-september-4-2020\/","title":{"rendered":"BA Defense Schedule (September 4 2020)"},"content":{"rendered":"<p><strong>To\u021bi candida\u021bii din fiecare serie de c\u00e2te 5 se vor conecta la \u00eenceputul intervalului alocat seriei lor (10:00, respectiv 11:15)<\/strong>.<\/p>\n\n\n\n<figure class=\"wp-block-table\"><table class=\"has-subtle-pale-green-background-color has-background\"><tbody><tr><td>NO.<\/td><td>NAME<\/td><td>SUPERVISOR<\/td><td>TIME<\/td><\/tr><tr><td>1.<\/td><td>Arm\u0103saru C\u0103t\u0103lina&nbsp; Iuliana<\/td><td>Lect. dr. Andreea Paris-Popa<\/td><td>10:00<\/td><\/tr><tr><td>2.<\/td><td>Fuf\u0103 Claudia Alina \u0218tefania<\/td><td>Lect. dr. Drago\u0219 Manea<\/td><td>10:15<\/td><\/tr><tr><td>3.<\/td><td>Limbosu Elena-Ruxandra<\/td><td>Conf. dr. Mihaela Precup<\/td><td>10:30<\/td><\/tr><tr><td>4.<\/td><td>Iv\u0103nescu Maria Cristina M\u0103d\u0103lina<\/td><td>Conf. dr. Mihaela Precup<\/td><td>10:45<\/td><\/tr><tr><td>5.<\/td><td>Rusu Laura Maria<\/td><td>Conf. dr. Mihaela Precup<\/td><td>11:00<\/td><\/tr><\/tbody><\/table><\/figure>\n\n\n\n<figure class=\"wp-block-table\"><table class=\"has-subtle-pale-blue-background-color has-background\"><tbody><tr><td>6.<\/td><td>Sanda Beatrice-Adriana<\/td><td>Conf. dr. Octavian Roske<\/td><td>11:15<\/td><\/tr><tr><td>7.<\/td><td>Grosu Sorina-Viorela<\/td><td>Conf. dr. Octavian Roske<\/td><td>11:30<\/td><\/tr><tr><td>8.<\/td><td>Gherase Elena &#8211; C\u0103t\u0103lina &nbsp;<\/td><td>Conf. dr. Octavian Roske<\/td><td>11:45<\/td><\/tr><tr><td>9.<\/td><td>Abeaboeru Andreea-Ioana<\/td><td>Lect. dr. Raluca Andreescu<\/td><td>12:00<\/td><\/tr><tr><td>10.<\/td><td>Costea Elena<\/td><td>Lect. dr. Raluca Andreescu, Dr. Ruxandra R\u0103dulescu<\/td><td>12:15<\/td><\/tr><\/tbody><\/table><\/figure>","protected":false},"excerpt":{"rendered":"<p>To\u021bi candida\u021bii din fiecare serie de c\u00e2te 5 se vor conecta la \u00eenceputul intervalului alocat seriei lor (10:00, respectiv 11:15). NO. NAME SUPERVISOR TIME 1. Arm\u0103saru C\u0103t\u0103lina&nbsp; Iuliana Lect. dr. Andreea Paris-Popa 10:00 2. Fuf\u0103 Claudia Alina \u0218tefania Lect. dr. Drago\u0219 Manea 10:15 3. Limbosu Elena-Ruxandra Conf. dr. Mihaela Precup 10:30 4. Iv\u0103nescu Maria Cristina &hellip; <\/p>\n<p class=\"link-more\"><a href=\"https:\/\/www.americanstudies.ro\/ro\/ba-defense-schedule-september-4-2020\/\" class=\"more-link\">Continu\u0103 lectura<span class=\"screen-reader-text\"> \u201eBA Defense Schedule (September 4 2020)\u201d<\/span><\/a><\/p>","protected":false},"author":2,"featured_media":0,"parent":0,"menu_order":0,"comment_status":"closed","ping_status":"closed","template":"","meta":{"footnotes":""},"_links":{"self":[{"href":"https:\/\/www.americanstudies.ro\/ro\/wp-json\/wp\/v2\/pages\/1166"}],"collection":[{"href":"https:\/\/www.americanstudies.ro\/ro\/wp-json\/wp\/v2\/pages"}],"about":[{"href":"https:\/\/www.americanstudies.ro\/ro\/wp-json\/wp\/v2\/types\/page"}],"author":[{"embeddable":true,"href":"https:\/\/www.americanstudies.ro\/ro\/wp-json\/wp\/v2\/users\/2"}],"replies":[{"embeddable":true,"href":"https:\/\/www.americanstudies.ro\/ro\/wp-json\/wp\/v2\/comments?post=1166"}],"version-history":[{"count":0,"href":"https:\/\/www.americanstudies.ro\/ro\/wp-json\/wp\/v2\/pages\/1166\/revisions"}],"wp:attachment":[{"href":"https:\/\/www.americanstudies.ro\/ro\/wp-json\/wp\/v2\/media?parent=1166"}],"curies":[{"name":"wp","href":"https:\/\/api.w.org\/{rel}","templated":true}]}}